{"id":4,"date":"2024-06-25T13:29:51","date_gmt":"2024-06-25T13:29:51","guid":{"rendered":"https:\/\/foreningenles.no\/stjerneboka\/?page_id=4"},"modified":"2025-09-03T10:36:43","modified_gmt":"2025-09-03T10:36:43","slug":"forside","status":"publish","type":"page","link":"https:\/\/foreningenles.no\/stjerneboka\/","title":{"rendered":"Forside"},"content":{"rendered":"<section class=\"text-center\">\n  <h1 class=\"mb-4\">Velkommen til Stjerneboka!<\/h1>\n  <p class=\"md:mb-8 max-w-[45ch] mx-auto\">Stjerneboka er et nytt og spennende h\u00f8ytlesingsprosjekt for elever i 3. og 4. klasse.\r\n\r\nVi inviterer deg som l\u00e6rer eller skolebibliotekar til \u00e5 lese fire utvalgte h\u00f8ytlesingsb\u00f8ker sammen med elevene i l\u00f8pet av skole\u00e5ret.<\/p>\n  <\/section>\n\n\n<div style=\"height:2rem\" aria-hidden=\"true\" class=\"wp-block-spacer\"><\/div>\n\n\n\n<h2 class=\"wp-block-heading has-text-align-center\"><strong>Utvalgte b\u00f8ker 2025\/26<\/strong><\/h2>\n\n\n\n<p class=\"has-text-align-center\"><em>Klikk p\u00e5 bokomslaget for \u00e5 finne opplegg til b\u00f8kene (kommer).&nbsp;<\/em><\/p>\n\n\n\n<div class=\"wp-block-group alignfull has-background is-layout-flow wp-block-group-is-layout-flow\" style=\"background-color:#44b866;padding-top:var(--wp--preset--spacing--60);padding-right:var(--wp--preset--spacing--50);padding-bottom:var(--wp--preset--spacing--60);padding-left:var(--wp--preset--spacing--50);background-image:url(&apos;https:\/\/foreningenles.no\/stjerneboka\/files\/2025\/09\/pattern-stjerneboka-5.svg&apos;);background-size:cover;\"><div class=\"alignwide\">\n      <div class=\"grid grid-cols-2 gap-4 md:grid-cols-4\">\n                                <a href=\"https:\/\/foreningenles.no\/stjerneboka\/bok\/mitt-liv-pa-feil-planet\/\">\n                              <div class=\"relative mb-2\">\n              <img decoding=\"async\" width=\"211\" height=\"300\" src=\"https:\/\/foreningenles.no\/stjerneboka\/files\/2025\/08\/Mitt-liv-pa-feil-planet-633x900.jpg\" class=\"block w-full aspect-[3\/4.5] object-contain object-bottom\" alt=\"\" loading=\"lazy\" sizes=\"auto, (max-width: 767px) 80vw, 30vw\" srcset=\"https:\/\/foreningenles.no\/stjerneboka\/files\/2025\/08\/Mitt-liv-pa-feil-planet-633x900.jpg 633w, https:\/\/foreningenles.no\/stjerneboka\/files\/2025\/08\/Mitt-liv-pa-feil-planet-1125x1600.jpg 1125w, https:\/\/foreningenles.no\/stjerneboka\/files\/2025\/08\/Mitt-liv-pa-feil-planet-768x1093.jpg 768w, https:\/\/foreningenles.no\/stjerneboka\/files\/2025\/08\/Mitt-liv-pa-feil-planet-1080x1536.jpg 1080w, https:\/\/foreningenles.no\/stjerneboka\/files\/2025\/08\/Mitt-liv-pa-feil-planet-1439x2048.jpg 1439w, https:\/\/foreningenles.no\/stjerneboka\/files\/2025\/08\/Mitt-liv-pa-feil-planet-422x600.jpg 422w, https:\/\/foreningenles.no\/stjerneboka\/files\/2025\/08\/Mitt-liv-pa-feil-planet.jpg 1774w\" \/>                          <\/div>\n                    <h3 class=\"text-2xl text-center sr-only\">Mitt liv p\u00e5 feil planet<\/h3>\n                  <\/a>\n                                        <a href=\"https:\/\/foreningenles.no\/stjerneboka\/bok\/farlig-oppdrag\/\">\n                              <div class=\"relative mb-2\">\n              <img decoding=\"async\" width=\"210\" height=\"300\" src=\"https:\/\/foreningenles.no\/stjerneboka\/files\/2025\/08\/Farlig-oppdrag-629x900.jpg\" class=\"block w-full aspect-[3\/4.5] object-contain object-bottom\" alt=\"\" loading=\"lazy\" sizes=\"auto, (max-width: 767px) 80vw, 30vw\" srcset=\"https:\/\/foreningenles.no\/stjerneboka\/files\/2025\/08\/Farlig-oppdrag-629x900.jpg 629w, https:\/\/foreningenles.no\/stjerneboka\/files\/2025\/08\/Farlig-oppdrag-1118x1600.jpg 1118w, https:\/\/foreningenles.no\/stjerneboka\/files\/2025\/08\/Farlig-oppdrag-768x1099.jpg 768w, https:\/\/foreningenles.no\/stjerneboka\/files\/2025\/08\/Farlig-oppdrag-1074x1536.jpg 1074w, https:\/\/foreningenles.no\/stjerneboka\/files\/2025\/08\/Farlig-oppdrag-1431x2048.jpg 1431w, https:\/\/foreningenles.no\/stjerneboka\/files\/2025\/08\/Farlig-oppdrag-419x600.jpg 419w, https:\/\/foreningenles.no\/stjerneboka\/files\/2025\/08\/Farlig-oppdrag.jpg 1783w\" \/>                          <\/div>\n                    <h3 class=\"text-2xl text-center sr-only\">Farlig oppdrag<\/h3>\n                  <\/a>\n                                        <a href=\"https:\/\/foreningenles.no\/stjerneboka\/bok\/georg-og-kjelleren\/\">\n                              <div class=\"relative mb-2\">\n              <img decoding=\"async\" width=\"218\" height=\"300\" src=\"https:\/\/foreningenles.no\/stjerneboka\/files\/2025\/08\/Georg-og-kjelleren-653x900.jpg\" class=\"block w-full aspect-[3\/4.5] object-contain object-bottom\" alt=\"\" loading=\"lazy\" sizes=\"auto, (max-width: 767px) 80vw, 30vw\" srcset=\"https:\/\/foreningenles.no\/stjerneboka\/files\/2025\/08\/Georg-og-kjelleren-653x900.jpg 653w, https:\/\/foreningenles.no\/stjerneboka\/files\/2025\/08\/Georg-og-kjelleren-1160x1600.jpg 1160w, https:\/\/foreningenles.no\/stjerneboka\/files\/2025\/08\/Georg-og-kjelleren-768x1059.jpg 768w, https:\/\/foreningenles.no\/stjerneboka\/files\/2025\/08\/Georg-og-kjelleren-1114x1536.jpg 1114w, https:\/\/foreningenles.no\/stjerneboka\/files\/2025\/08\/Georg-og-kjelleren-1485x2048.jpg 1485w, https:\/\/foreningenles.no\/stjerneboka\/files\/2025\/08\/Georg-og-kjelleren-435x600.jpg 435w, https:\/\/foreningenles.no\/stjerneboka\/files\/2025\/08\/Georg-og-kjelleren.jpg 1807w\" \/>                          <\/div>\n                    <h3 class=\"text-2xl text-center sr-only\">Georg og kjelleren<\/h3>\n                  <\/a>\n                                        <a href=\"https:\/\/foreningenles.no\/stjerneboka\/bok\/flukten-fra-jorden\/\">\n                              <div class=\"relative mb-2\">\n              <img decoding=\"async\" width=\"202\" height=\"300\" src=\"https:\/\/foreningenles.no\/stjerneboka\/files\/2025\/08\/Flukten-fra-jorden-607x900.jpg\" class=\"block w-full aspect-[3\/4.5] object-contain object-bottom\" alt=\"\" loading=\"lazy\" sizes=\"auto, (max-width: 767px) 80vw, 30vw\" srcset=\"https:\/\/foreningenles.no\/stjerneboka\/files\/2025\/08\/Flukten-fra-jorden-607x900.jpg 607w, https:\/\/foreningenles.no\/stjerneboka\/files\/2025\/08\/Flukten-fra-jorden-1080x1600.jpg 1080w, https:\/\/foreningenles.no\/stjerneboka\/files\/2025\/08\/Flukten-fra-jorden-768x1138.jpg 768w, https:\/\/foreningenles.no\/stjerneboka\/files\/2025\/08\/Flukten-fra-jorden-1037x1536.jpg 1037w, https:\/\/foreningenles.no\/stjerneboka\/files\/2025\/08\/Flukten-fra-jorden-1382x2048.jpg 1382w, https:\/\/foreningenles.no\/stjerneboka\/files\/2025\/08\/Flukten-fra-jorden-405x600.jpg 405w, https:\/\/foreningenles.no\/stjerneboka\/files\/2025\/08\/Flukten-fra-jorden.jpg 1594w\" \/>                          <\/div>\n                    <h3 class=\"text-2xl text-center sr-only\">Flukten fra jorden<\/h3>\n                  <\/a>\n                  <\/div>\n  <\/div><\/div>\n\n\n\n<p><\/p>\n\n\n\n<h2 class=\"wp-block-heading has-text-align-center\">Les sammen!<\/h2>\n\n\n\n<p class=\"has-text-align-center\">Til <em>Stjerneboka<\/em> har vi plukket ut fire h\u00f8ytlesingsb\u00f8ker som du kan lese sammen med elevene dine. <\/p>\n\n\n\n<p class=\"has-text-align-center\" id=\"block-23385e01-9b8f-4e5e-91fd-1dd224072647\">Les h\u00f8yt, snakk sammen om det som skjer, og gi barna mulighet til \u00e5 dele sine meninger om b\u00f8kene. Sammen kan dere stemme frem klassens favoritt \u2013 stjerneboka!<\/p>\n\n\n\n<p><\/p>\n\n\n\n<h2 class=\"wp-block-heading has-text-align-center\" id=\"block-83b7e078-1532-4d43-abdf-ba8b2ee07b36\">Til hver bok vil du finne:<\/h2>\n\n\n\n<ul id=\"block-178c0752-0fc7-48d6-8f7a-f3627004cb77\" class=\"wp-block-list\">\n<li>l\u00e6rerveiledning med forslag til aktiviteter f\u00f8r, under og etter h\u00f8ytlesingen<\/li>\n\n\n\n<li>leker og aktiviteter<\/li>\n<\/ul>\n\n\n\n<p class=\"has-text-align-center\" id=\"block-77376a93-0ccc-4f58-9de0-4adfd105b3cf\"><\/p>\n\n\n\n<p><\/p>\n\n\n\n<h2 class=\"wp-block-heading has-text-align-center\">Se film: Velkommen til Stjerneboka<\/h2>\n\n\n\n<p class=\"has-text-align-center\">Prosjektleder Troels \u00f8nsker velkommen til Stjerneboka!<br><\/p>\n\n\n\n<div class=\"wp-block-group is-layout-constrained wp-container-core-group-is-layout-7b492d02 wp-block-group-is-layout-constrained\">\n<figure class=\"wp-block-embed is-type-video is-provider-vimeo wp-block-embed-vimeo wp-embed-aspect-16-9 wp-has-aspect-ratio\"><div class=\"wp-block-embed__wrapper\">\n<iframe loading=\"lazy\" title=\"Velkommen til Stjerneboka\" src=\"https:\/\/player.vimeo.com\/video\/1009244612?dnt=1&amp;app_id=122963\" width=\"900\" height=\"506\" frameborder=\"0\" allow=\"autoplay; fullscreen; picture-in-picture; clipboard-write; encrypted-media; web-share\" referrerpolicy=\"strict-origin-when-cross-origin\"><\/iframe>\n<\/div><\/figure>\n<\/div>\n\n\n\n<p><br><\/p>\n\n\n\n<p><\/p>\n\n\n\n<p><\/p>\n","protected":false},"excerpt":{"rendered":"Utvalgte b\u00f8ker 2025\/26 Klikk p\u00e5 bokomslaget for \u00e5 finne opplegg til b\u00f8kene (kommer).&nbsp; Les sammen! Til Stjerneboka har vi plukket ut fire h\u00f8ytlesingsb\u00f8ker som du kan lese sammen med elevene dine. Les h\u00f8yt, snakk sammen om det som skjer, og gi barna mulighet til \u00e5 dele sine meninger om b\u00f8kene. Sammen kan dere stemme frem&#8230;","protected":false},"author":1,"featured_media":0,"parent":0,"menu_order":0,"comment_status":"closed","ping_status":"closed","template":"page-blank.php","meta":{"_acf_changed":false,"footnotes":""},"class_list":["post-4","page","type-page","status-publish","hentry"],"acf":[],"_links":{"self":[{"href":"https:\/\/foreningenles.no\/stjerneboka\/wp-json\/wp\/v2\/pages\/4","targetHints":{"allow":["GET"]}}],"collection":[{"href":"https:\/\/foreningenles.no\/stjerneboka\/wp-json\/wp\/v2\/pages"}],"about":[{"href":"https:\/\/foreningenles.no\/stjerneboka\/wp-json\/wp\/v2\/types\/page"}],"author":[{"embeddable":true,"href":"https:\/\/foreningenles.no\/stjerneboka\/wp-json\/wp\/v2\/users\/1"}],"replies":[{"embeddable":true,"href":"https:\/\/foreningenles.no\/stjerneboka\/wp-json\/wp\/v2\/comments?post=4"}],"version-history":[{"count":96,"href":"https:\/\/foreningenles.no\/stjerneboka\/wp-json\/wp\/v2\/pages\/4\/revisions"}],"predecessor-version":[{"id":585,"href":"https:\/\/foreningenles.no\/stjerneboka\/wp-json\/wp\/v2\/pages\/4\/revisions\/585"}],"wp:attachment":[{"href":"https:\/\/foreningenles.no\/stjerneboka\/wp-json\/wp\/v2\/media?parent=4"}],"curies":[{"name":"wp","href":"https:\/\/api.w.org\/{rel}","templated":true}]}}