{"id":189,"date":"2024-08-06T13:38:56","date_gmt":"2024-08-06T11:38:56","guid":{"rendered":"https:\/\/foreningenles.no\/samles\/?page_id=189"},"modified":"2025-08-20T10:23:43","modified_gmt":"2025-08-20T08:23:43","slug":"konkurranser","status":"publish","type":"page","link":"https:\/\/foreningenles.no\/samles\/konkurranser\/","title":{"rendered":"Konkurranse"},"content":{"rendered":"\n<p>Vi velger ut klasser fra hele landet som vil vinne forfatterbes\u00f8k og et bel\u00f8p til innkj\u00f8p av pizza, drikke eller noe annet godt til en koselig klassestund.<\/p>\n\n\n\n<p><br>Skriv en begrunnelse for hvorfor akkurat DIN klasse fortjener \u00e5 vinne og send inn til:<br>marte@foreningenles.no innen 5. desember 2025. <\/p>\n","protected":false},"excerpt":{"rendered":"<p>Vi velger ut klasser fra hele landet som vil vinne forfatterbes\u00f8k og et bel\u00f8p til innkj\u00f8p av pizza, drikke eller noe annet godt til en koselig klassestund. Skriv en begrunnelse for hvorfor akkurat DIN klasse fortjener \u00e5 vinne og send inn til:marte@foreningenles.no innen 5. desember 2025.<\/p>\n","protected":false},"author":679,"featured_media":0,"parent":0,"menu_order":0,"comment_status":"closed","ping_status":"closed","template":"","meta":{"_acf_changed":false,"footnotes":""},"class_list":["post-189","page","type-page","status-publish","hentry"],"acf":[],"_links":{"self":[{"href":"https:\/\/foreningenles.no\/samles\/wp-json\/wp\/v2\/pages\/189","targetHints":{"allow":["GET"]}}],"collection":[{"href":"https:\/\/foreningenles.no\/samles\/wp-json\/wp\/v2\/pages"}],"about":[{"href":"https:\/\/foreningenles.no\/samles\/wp-json\/wp\/v2\/types\/page"}],"author":[{"embeddable":true,"href":"https:\/\/foreningenles.no\/samles\/wp-json\/wp\/v2\/users\/679"}],"replies":[{"embeddable":true,"href":"https:\/\/foreningenles.no\/samles\/wp-json\/wp\/v2\/comments?post=189"}],"version-history":[{"count":7,"href":"https:\/\/foreningenles.no\/samles\/wp-json\/wp\/v2\/pages\/189\/revisions"}],"predecessor-version":[{"id":431,"href":"https:\/\/foreningenles.no\/samles\/wp-json\/wp\/v2\/pages\/189\/revisions\/431"}],"wp:attachment":[{"href":"https:\/\/foreningenles.no\/samles\/wp-json\/wp\/v2\/media?parent=189"}],"curies":[{"name":"wp","href":"https:\/\/api.w.org\/{rel}","templated":true}]}}