{"id":59,"date":"2023-05-30T09:34:13","date_gmt":"2023-05-30T07:34:13","guid":{"rendered":"https:\/\/foreningenles.no\/lesoglek\/?page_id=59"},"modified":"2025-09-19T07:49:10","modified_gmt":"2025-09-19T05:49:10","slug":"om-les-og-lek","status":"publish","type":"page","link":"https:\/\/foreningenles.no\/lesoglek\/om-les-og-lek\/","title":{"rendered":"Om Les og lek"},"content":{"rendered":"\n<p><\/p>\n\n\n\n<p>Les og lek er et leseprosjekt for barn p\u00e5 SFO og skolens sm\u00e5trinn, 1.-4. klasse. Prosjektet kan ogs\u00e5 fint tilpasses til f\u00f8rskolebarn.<\/p>\n\n\n\n<p>Utvalgte bildeb\u00f8ker er utgangspunkt for leker og aktiviteter til bruk sammen med barna. M\u00e5let med Les og lek er \u00e5 stimulere barnas fantasi, kreativitet og interesse for b\u00f8ker gjennom gode leseopplevelser, aktiviteter og leker.<\/p>\n\n\n\n<p>Prosjektet er st\u00f8ttet av Kulturr\u00e5det, Kulturtanken og Utdanningsdirektoratet.<\/p>\n\n\n\n<p><\/p>\n\n\n\n<p><\/p>\n\n\n\n<p><\/p>\n\n\n\n<p><strong>Les og lek gjennomf\u00f8res av Stiftelsen LESE i samarbeid med flere bidragsytere<\/strong>:<\/p>\n\n\n\n<p><strong><a href=\"https:\/\/foreningenles.no\/\" target=\"_blank\" rel=\"noreferrer noopener\">Stiftelsen LESE<\/a><\/strong> er en ideell Stiftelse, best\u00e5ende av tidligere Foreningen !les og Leser s\u00f8ker bok. Andre leseprosjekter for grunnskolen er <a href=\"https:\/\/bokslukerprisen.no\/\" data-type=\"URL\" data-id=\"https:\/\/bokslukerprisen.no\/\" target=\"_blank\" rel=\"noreferrer noopener\">Bokslukerprisen<\/a>, <a href=\"https:\/\/tidforti.no\/\" data-type=\"URL\" data-id=\"https:\/\/tidforti.no\/\" target=\"_blank\" rel=\"noreferrer noopener\">Tid for ti<\/a> og <a href=\"https:\/\/foreningenles.no\/prosjekter\/bokprat\" data-type=\"URL\" data-id=\"https:\/\/foreningenles.no\/prosjekter\/bokprat\" target=\"_blank\" rel=\"noreferrer noopener\">Bokprat <\/a>.<\/p>\n\n\n\n<p><strong><a href=\"https:\/\/www.kunstiskolen.no\/\" target=\"_blank\" rel=\"noreferrer noopener\">Kunst i Skolen<\/a><\/strong> er en landsdekkende organisasjon som arbeider for at visuell kunst skal f\u00e5 en sentral plass i oppl\u00e6ringen. Gjennom Kunst i Skolens vandreutstillinger f\u00e5r mange tusen barn og unge stifte bekjentskap med kjente kunstnere og original kunst der de er; i barnehagen, p\u00e5 skolen og p\u00e5 kulturskolen.<\/p>\n\n\n\n<p><strong>Toril H\u00e6geland<\/strong> er universitetslektor ved l\u00e6rerutdanningen ved OsloMet. Hun er r\u00e5dgiver i prosjektet. Til hver av b\u00f8kene har hun blant annet bidratt med tips og opplegg til hvordan du kan gjennomf\u00f8re en lesestund.<\/p>\n\n\n\n<p>Teaterpedagog <strong>Margrete Bratberg<\/strong> er daglig leder ved <strong><a href=\"https:\/\/ntfab.no\/\">Nesodden teaterfabrikk<\/a><\/strong>. Hun har bidratt med forslag til drama- og bevegelsesleker, og har f\u00e5tt god hjelp av elever ved Bj\u00f8rnemyr skole.<\/p>\n","protected":false},"excerpt":{"rendered":"Les og lek er et leseprosjekt for barn p\u00e5 SFO og skolens sm\u00e5trinn, 1.-4. klasse. Prosjektet kan ogs\u00e5 fint tilpasses til f\u00f8rskolebarn. Utvalgte bildeb\u00f8ker er utgangspunkt for leker og aktiviteter til bruk sammen med barna. M\u00e5let med Les og lek er \u00e5 stimulere barnas fantasi, kreativitet og interesse for b\u00f8ker gjennom gode leseopplevelser, aktiviteter og&#8230;","protected":false},"author":1,"featured_media":0,"parent":0,"menu_order":0,"comment_status":"closed","ping_status":"closed","template":"","meta":{"_acf_changed":false,"footnotes":""},"class_list":["post-59","page","type-page","status-publish","hentry"],"acf":[],"_links":{"self":[{"href":"https:\/\/foreningenles.no\/lesoglek\/wp-json\/wp\/v2\/pages\/59","targetHints":{"allow":["GET"]}}],"collection":[{"href":"https:\/\/foreningenles.no\/lesoglek\/wp-json\/wp\/v2\/pages"}],"about":[{"href":"https:\/\/foreningenles.no\/lesoglek\/wp-json\/wp\/v2\/types\/page"}],"author":[{"embeddable":true,"href":"https:\/\/foreningenles.no\/lesoglek\/wp-json\/wp\/v2\/users\/1"}],"replies":[{"embeddable":true,"href":"https:\/\/foreningenles.no\/lesoglek\/wp-json\/wp\/v2\/comments?post=59"}],"version-history":[{"count":28,"href":"https:\/\/foreningenles.no\/lesoglek\/wp-json\/wp\/v2\/pages\/59\/revisions"}],"predecessor-version":[{"id":3076,"href":"https:\/\/foreningenles.no\/lesoglek\/wp-json\/wp\/v2\/pages\/59\/revisions\/3076"}],"wp:attachment":[{"href":"https:\/\/foreningenles.no\/lesoglek\/wp-json\/wp\/v2\/media?parent=59"}],"curies":[{"name":"wp","href":"https:\/\/api.w.org\/{rel}","templated":true}]}}